{"id":43,"date":"2022-03-09T13:03:10","date_gmt":"2022-03-09T12:03:10","guid":{"rendered":"http:\/\/vallsmadella.boadella.com\/?page_id=43"},"modified":"2023-07-28T19:54:51","modified_gmt":"2023-07-28T17:54:51","slug":"politica-de-privacitat","status":"publish","type":"page","link":"https:\/\/vallsmadella.com\/es\/politica-de-privacitat\/","title":{"rendered":"Pol\u00edtica de Privacidad"},"content":{"rendered":"<div data-elementor-type=\"wp-page\" data-elementor-id=\"43\" class=\"elementor elementor-43\" data-elementor-post-type=\"page\">\n\t\t\t\t\t\t<section class=\"elementor-section elementor-top-section elementor-element elementor-element-b803dfa elementor-section-boxed elementor-section-height-default elementor-section-height-default\" data-id=\"b803dfa\" data-element_type=\"section\">\n\t\t\t\t\t\t<div class=\"elementor-container elementor-column-gap-default\">\n\t\t\t\t\t<div class=\"elementor-column elementor-col-100 elementor-top-column elementor-element elementor-element-f5b59a8\" data-id=\"f5b59a8\" data-element_type=\"column\">\n\t\t\t<div class=\"elementor-widget-wrap elementor-element-populated\">\n\t\t\t\t\t\t<div class=\"elementor-element elementor-element-901b1fb elementor-widget elementor-widget-heading\" data-id=\"901b1fb\" data-element_type=\"widget\" data-widget_type=\"heading.default\">\n\t\t\t\t<div class=\"elementor-widget-container\">\n\t\t\t\t\t<h2 class=\"elementor-heading-title elementor-size-default\">Pol\u00edtica de protecci\u00f3n de datos personales<\/h2>\t\t\t\t<\/div>\n\t\t\t\t<\/div>\n\t\t\t\t<div class=\"elementor-element elementor-element-aec6bf7 elementor-widget elementor-widget-text-editor\" data-id=\"aec6bf7\" data-element_type=\"widget\" data-widget_type=\"text-editor.default\">\n\t\t\t\t<div class=\"elementor-widget-container\">\n\t\t\t\t\t\t\t\t\t<p><b>Alcance de la pol\u00edtica de protecci\u00f3n de datos personales<\/b><\/p><p><span style=\"font-weight: 400;\">Esta pol\u00edtica de protecci\u00f3n de datos de car\u00e1cter personal abarca cualquier tratamiento de datos que pueda producirse al navegar o interaccionar por cualquiera de nuestras p\u00e1ginas web o redes sociales en las que podemos tener presencia (Facebook, Instagram, LinkedIn, etc). Al final de este documento se especifica informaci\u00f3n especial en caso de uso de las redes sociales. Tambi\u00e9n se aplicar\u00e1 a cualquier procedimiento interno de la empresa que requiera la recogida de datos, ya sea en formularios en formato papel o en cualquier otro sistema.\u00a0<\/span><\/p><p><span style=\"font-weight: 400;\">En cualquiera de estos medios, usted puede consultar informaci\u00f3n, y en algunos casos rellenar formularios, contestar encuestas, participar en concursos, realizar consultas, enviar fotograf\u00edas, realizar comentarios, etc\u2026, y por tanto, proporcionarnos informaci\u00f3n de datos de car\u00e1cter personal. Todos los tratamientos est\u00e1n sujetos a nuestra pol\u00edtica de privacidad.\u00a0<\/span><\/p><p><b>\u00bfQui\u00e9n es el responsable del tratamiento de sus datos personales?<\/b><\/p><p><span style=\"font-weight: 400;\">En cumplimiento con lo que establece el Reglamento (UE) 2016\/679 del Parlamento Europeo y del Consejo de 27 de abril de 2016, informamos que los datos de car\u00e1cter personal que nos proporcione ser\u00e1n tratados por BOADELLA VALLSMADELLA SL con domicilio social en Pol\u00edgono Logis Empord\u00e0, C\/ La Pireta 13 \u2013 17469 El Far d&#039;Empord\u00e0 (Girona) CIF B17932773, correo electr\u00f3nico <\/span><a href=\"mailto:info@vallsmadella.com\"><span style=\"font-weight: 400;\">info@vallsmadella.com<\/span><\/a><span style=\"font-weight: 400;\">\u00a0<\/span><\/p><p><b>\u00bfQu\u00e9 Datos Personales se recogen y finalidad de los mismos?<\/b><\/p><p><span style=\"font-weight: 400;\">Detallamos a continuaci\u00f3n, los datos de car\u00e1cter personal que se gestionan as\u00ed como sus fines.\u00a0<\/span><\/p><table><tbody><tr><td><p><b>Apartado<\/b><\/p><\/td><td><p><b>Datos<\/b><\/p><\/td><td><p><b>Finalidad y legitimaci\u00f3n<\/b><\/p><\/td><td><p><b>Destinatarios<\/b><\/p><\/td><\/tr><tr><td><p><span style=\"font-weight: 400;\">Newsletter<\/span><\/p><\/td><td><p><span style=\"font-weight: 400;\">Nombre, correo electr\u00f3nico.<\/span><\/p><\/td><td><p><span style=\"font-weight: 400;\">Env\u00edo de informaci\u00f3n comercial legitimado por su consentimiento.<\/span><\/p><\/td><td><p><span style=\"font-weight: 400;\">Las empresas del GRUPO BOADELLA.<\/span><\/p><\/td><\/tr><tr><td><p><span style=\"font-weight: 400;\">Contacto<\/span><\/p><\/td><td><p><span style=\"font-weight: 400;\">Nombre, correo electr\u00f3nico, tel\u00e9fono, direcci\u00f3n.<\/span><\/p><\/td><td><p><span style=\"font-weight: 400;\">Responder a su consulta, legitimado por una solicitud previa.<\/span><\/p><\/td><td><p><span style=\"font-weight: 400;\">Las empresas del GRUPO BOADELLA.<\/span><\/p><\/td><\/tr><\/tbody><\/table><p><span style=\"font-weight: 400;\">\u00a0<\/span><\/p><p><span style=\"font-weight: 400;\">Su consentimiento puede ser revocado en cualquier momento.\u00a0<\/span><\/p><p><span style=\"font-weight: 400;\">BOADELLA VALLSMADELLA utiliza herramientas para analizar perfiles, comportamientos y\/o preferencias de los usuarios y posteriormente realizar campa\u00f1as dirigidas en funci\u00f3n de estos datos.\u00a0<\/span><\/p><p><span style=\"font-weight: 400;\">\u00bfPor qu\u00e9 utilizamos sus datos personales?<\/span><\/p><p><span style=\"font-weight: 400;\">A continuaci\u00f3n le explicamos la base legal que nos permite tratar sus datos personales.\u00a0<\/span><\/p><p><span style=\"font-weight: 400;\">1- En cumplimiento de una relaci\u00f3n contractual.\u00a0<\/span><\/p><p><span style=\"font-weight: 400;\">2- Cuando nos haya dado su consentimiento.\u00a0<\/span><\/p><p><span style=\"font-weight: 400;\">3- Por inter\u00e9s leg\u00edtimo de BOADELLA VALLSMADELLA por mostrarle servicios, productos o iniciativas que puedan ser de su inter\u00e9s.\u00a0<\/span><\/p><p><span style=\"font-weight: 400;\">4- Cumplimiento de obligaciones impuestas por Ley.\u00a0<\/span><\/p><p><span style=\"font-weight: 400;\">Le recordamos que puede revocar su consentimiento en cualquier momento en la siguiente direcci\u00f3n de correo electr\u00f3nico: info@vallsmadella.com con el asunto \u201cRef. Protecci\u00f3n de Datos\u201d.<\/span><\/p><p><span style=\"font-weight: 400;\">Publicaciones de fotos o v\u00eddeos en la p\u00e1gina web o en las redes sociales<\/span><\/p><p><span style=\"font-weight: 400;\">Para la publicaci\u00f3n de fotograf\u00edas o v\u00eddeos de nuestros trabajadores, clientes, usuarios o menores en la p\u00e1gina web o redes sociales, al igual que para recopilar datos para realizar un concurso o tratar cualquier otro dato personal, previamente obtendremos un consentimiento expl\u00edcito, indiscutible e informante del titular que, de ser menor de 14 a\u00f1os, ser\u00e1 otorgado por los padres o tutores legales.<\/span><\/p><p><span style=\"font-weight: 400;\">El tratamiento de estas fotograf\u00edas acata el principio de proporcionalidad, es decir, s\u00f3lo se tratan estrictamente para la finalidad de que se ha prestado su consentimiento.\u00a0<\/span><\/p><p><span style=\"font-weight: 400;\">Datos no pertinentes<\/span><\/p><p><span style=\"font-weight: 400;\">BOADELLA VALLSMADELLA SL advierte al usuario que, a excepci\u00f3n de la existencia de una representaci\u00f3n legalmente constituida, ning\u00fan usuario puede utilizar la identidad de otra persona y comunicar sus datos personales y por tanto el usuario, en todo momento, deber\u00e1 tener en cuenta que s\u00f3lo puede proporcionar datos personales correspondientes a su propia identidad y que sean de acuerdo, pertinentes, actuales, exactas y ciertas.\u00a0<\/span><\/p><p><b>\u00bfCu\u00e1nto tiempo conservaremos sus datos?<\/b><\/p><p><span style=\"font-weight: 400;\">BOADELLA VALLSMADELLA SL guarda sus Datos Personales mientras sea necesario por el fin por lo que fueron recopilados. Si la directriz es diferente a la indicada en esta pol\u00edtica, se detallar\u00e1 en el documento pertinente.\u00a0<\/span><\/p><p><span style=\"font-weight: 400;\">\u00bfA qui\u00e9n comunicaremos sus datos?<\/span><\/p><p><span style=\"font-weight: 400;\">BOADELLA VALLSMADELLA SL \u00fanicamente ceder\u00e1 sus datos en aquellos servicios en los que se indique y en los casos previstos por ley. No se realizar\u00e1n transferencias internacionales de sus datos personales.\u00a0<\/span><\/p><p><span style=\"font-weight: 400;\">En el caso de las redes sociales, toda la informaci\u00f3n y contenidos publicados por el usuario ser\u00e1n objeto de comunicaci\u00f3n y compartidos con el resto de usuarios que consulten esta red social, por la propia naturaleza del servicio.\u00a0<\/span><\/p><p><b>Medidas de seguridad<\/b><\/p><p><span style=\"font-weight: 400;\">BOADELLA VALLSMADELLA SL asegura la absoluta confidencialidad y privacidad de los datos personales recogidos y por eso se han adoptado medidas esenciales de seguridad para evitar la alteraci\u00f3n, p\u00e9rdida, tratamiento o acceso no autorizado y garantizar as\u00ed su integridad y seguridad.\u00a0<\/span><\/p><p><span style=\"font-weight: 400;\">El Usuario se compromete a hacer un uso diligente ya no poner en disposici\u00f3n de terceros su nombre de usuario y contrase\u00f1a, de la misma forma se compromete a comunicar a la empresa cualquier hurto, p\u00e9rdida o riesgo de acceso de terceros a su usuario.\u00a0<\/span><\/p><p><b>\u00bfCu\u00e1les son sus derechos cuando nos facilita sus datos personales?<\/b><\/p><table><tbody><tr><td><p><b>Derecho<\/b><\/p><\/td><td><p><b>Contenido<\/b><\/p><\/td><td><p><b>Canal de atenci\u00f3n<\/b><\/p><\/td><\/tr><tr><td><p><span style=\"font-weight: 400;\">Acceso<\/span><\/p><\/td><td><p><span style=\"font-weight: 400;\">Podr\u00e1 consultar los datos personales gestionados por <\/span><span style=\"font-weight: 400;\">BOADELLA VALLSMADELLA SL<\/span><\/p><\/td><td rowspan=\"6\"><p><span style=\"font-weight: 400;\">\u00a0<\/span><\/p><p><span style=\"font-weight: 400;\">\u00a0<\/span><\/p><p><span style=\"font-weight: 400;\">\u00a0<\/span><\/p><p><span style=\"font-weight: 400;\">\u00a0<\/span><\/p><p><span style=\"font-weight: 400;\">\u00a0<\/span><\/p><p><a href=\"mailto:info@vallsmadella.com\"><span style=\"font-weight: 400;\">info@vallsmadella.com<\/span><\/a><\/p><\/td><\/tr><tr><td><p><span style=\"font-weight: 400;\">Rectificaci\u00f3n<\/span><\/p><\/td><td><p><span style=\"font-weight: 400;\">Podr\u00e1 modificar sus datos personales cuando sean inexactos.<\/span><\/p><\/td><\/tr><tr><td><p><span style=\"font-weight: 400;\">Supresi\u00f3n<\/span><\/p><\/td><td><p><span style=\"font-weight: 400;\">Podr\u00e1 solicitar la eliminaci\u00f3n de sus datos personales.<\/span><\/p><\/td><\/tr><tr><td><p><span style=\"font-weight: 400;\">Oposici\u00f3n<\/span><\/p><\/td><td><p><span style=\"font-weight: 400;\">Podr\u00e1 solicitar que no se traten sus datos personales.<\/span><\/p><\/td><\/tr><tr><td><p><span style=\"font-weight: 400;\">Limitaci\u00f3n del tratamiento<\/span><\/p><\/td><td><p><span style=\"font-weight: 400;\">Podr\u00e1 solicitar la limitaci\u00f3n al tratamiento de sus datos en los siguientes casos:<\/span><\/p><p><span style=\"font-weight: 400;\">\u2013 Mientras se comprueba la impugnaci\u00f3n de la exactitud de sus datos.<\/span><\/p><p><span style=\"font-weight: 400;\">\u2013 Cuando BOADELLA VALLSMADELLA SL. no necesite tratar sus datos pero usted los necesite por el ejercicio o defensa de reclamaciones.<\/span><\/p><\/td><\/tr><tr><td><p><span style=\"font-weight: 400;\">Portabilidad<\/span><\/p><\/td><td><p><span style=\"font-weight: 400;\">Podr\u00e1 recibir en formato electr\u00f3nico los datos facilitados en formato electr\u00f3nico.<\/span><\/p><\/td><\/tr><tr><td colspan=\"3\"><p><span style=\"font-weight: 400;\">Si considera que no hemos tratado sus datos personales de acuerdo con la normativa puede contactar con nosotros en la direcci\u00f3n <\/span><a href=\"mailto:info@vallsmadella.com\"><b>info@vallsmadella.com<\/b><\/a><\/p><p><span style=\"font-weight: 400;\">No obstante, podr\u00e1 presentar una reclamaci\u00f3n ante la Agencia Espa\u00f1ola de Protecci\u00f3n de Datos (<\/span><a href=\"http:\/\/www.agpd.es\" target=\"_blank\" rel=\"noopener\"><span style=\"font-weight: 400;\">www.agpd.es<\/span><\/a><span style=\"font-weight: 400;\">)<\/span><\/p><\/td><\/tr><tr><td colspan=\"3\"><p><span style=\"font-weight: 400;\">Para ejercer sus derechos, acompa\u00f1e a su solicitud de una copia de su DNI o documento acreditativo de su identidad.<\/span><\/p><\/td><\/tr><tr><td colspan=\"3\"><p><span style=\"font-weight: 400;\">El ejercicio de sus derechos es gratuito.<\/span><\/p><\/td><\/tr><\/tbody><\/table><p><b>Redes sociales\u00a0<\/b><\/p><p><span style=\"font-weight: 400;\">El funcionamiento de las redes sociales no est\u00e1 bajo el control de BOADELLA VALLSMADELLA SL y, por tanto, la informaci\u00f3n que publique ser\u00e1 compartida por todos los usuarios que la consulten. Del mismo modo, estas redes permiten la interacci\u00f3n con otros usuarios y, por tanto, a continuaci\u00f3n se detallan unas premisas que deben tenerse en consideraci\u00f3n:<\/span><\/p><p><span style=\"font-weight: 400;\">El objeto de la utilizaci\u00f3n de las redes sociales es dar visibilidad y difusi\u00f3n de los productos que desarrolla BOADELLA VALLSMADELLA SL<\/span><\/p><p><span style=\"font-weight: 400;\">En principio, se aplica la misma pol\u00edtica de protecci\u00f3n de datos especificada en este documento en cuanto a la recogida, tratamiento y cesi\u00f3n de datos.\u00a0<\/span><\/p><p><span style=\"font-weight: 400;\">El usuario debe comprometerse a:<\/span><\/p><p><span style=\"font-weight: 400;\">\u2013 No publicar informaciones que no respondan a los requisitos de veracidad, inter\u00e9s p\u00fablico y respeto a la dignidad de las personas. En especial, el usuario deber\u00e1 evitar toda conducta que pueda atentar contra el principio de no discriminaci\u00f3n por razones de sexo, raza, religi\u00f3n, ideolog\u00eda o cualquier otra circunstancia personal o sociales y contra la intimidad, el honor y la propia imagen , siendo el responsable final sobre la veracidad y legalidad de los contenidos que publique.\u00a0<\/span><\/p><p><span style=\"font-weight: 400;\">\u2013 No grabar ni publicar im\u00e1genes, v\u00eddeos o cualquier otro tipo de registro sin el consentimiento de los afectados.\u00a0<\/span><\/p><p><span style=\"font-weight: 400;\">BOADELLA VALLSMADELLA SL no se identifica con las opiniones expresadas por otros ni con la ideolog\u00eda de los perfiles con los que tenga amistad en ninguna red social.\u00a0<\/span><\/p><p><span style=\"font-weight: 400;\">BOADELLA VALLSMADELLA SL se reserva el derecho de eliminar de sus redes sociales cualquier informaci\u00f3n publicada por otras que vulnere la legalidad, incite a hacerlo, o contenga mensajes que atenten contra la dignidad de personas o instituciones, as\u00ed como de bloquear o denunciar el perfil autor de estos mensajes.\u00a0<\/span><\/p><p><span style=\"font-weight: 400;\">Recomendaciones a los usuarios y usuarias:<\/span><\/p><p><span style=\"font-weight: 400;\">\u2013 Revise y lea las condiciones generales de uso y la pol\u00edtica de privacidad de la red social en el momento de registrarse.\u00a0<\/span><\/p><p><span style=\"font-weight: 400;\">\u2013 Aprenda las posibilidades de configuraci\u00f3n y uso que la red pueda ofrecer.<\/span><\/p><p><span style=\"font-weight: 400;\">\u2013 Configure adecuadamente el grado de privacidad del perfil de usuario en la red social.\u00a0<\/span><\/p><p><span style=\"font-weight: 400;\">\u2013 No publique informaci\u00f3n excesiva sobre su vida personal y familiar.\u00a0<\/span><\/p><p><span style=\"font-weight: 400;\">\u2013 Vigile con la publicaci\u00f3n de contenidos audiovisuales y gr\u00e1ficos en su perfil, especialmente si contuvieran im\u00e1genes relativas a terceras personas.\u00a0<\/span><\/p><p><span style=\"font-weight: 400;\">\u2013 No ofrezca datos de terceros sin el previo consentimiento de \u00e9stos.\u00a0<\/span><\/p><p><b>Las redes sociales gestionadas por BOADELLA VALLSMADELLA SL son:<\/b><\/p><table><tbody><tr><td><p><b>Red<\/b><\/p><\/td><td><p><b>Direcci\u00f3n<\/b><\/p><\/td><\/tr><tr><td><p><b>LinkedIn<\/b><\/p><\/td><td><p><a href=\"https:\/\/es.linkedin.com\/company\/grup-boadella\" target=\"_blank\" rel=\"noopener\"><span style=\"font-weight: 400;\">https:\/\/es.linkedin.com\/company\/grup-boadella<\/span><\/a><\/p><\/td><\/tr><tr><td><p><b>Facebook<\/b><\/p><\/td><td><p><a href=\"https:\/\/www.facebook.com\/boadellavallsmadella\/\" target=\"_blank\" rel=\"noopener\"><span style=\"font-weight: 400;\">https:\/\/www.facebook.com\/boadellavallsmadella\/<\/span><\/a><\/p><\/td><\/tr><\/tbody><\/table><p><br \/><br \/><\/p>\t\t\t\t\t\t\t\t<\/div>\n\t\t\t\t<\/div>\n\t\t\t\t\t<\/div>\n\t\t<\/div>\n\t\t\t\t\t<\/div>\n\t\t<\/section>\n\t\t\t\t<\/div>","protected":false},"excerpt":{"rendered":"<p>Pol\u00edtica de protecci\u00f3n de datos personales Alcance de la pol\u00edtica de protecci\u00f3n de datos personales Esta pol\u00edtica de protecci\u00f3n de datos de car\u00e1cter personal abarca cualquier tratamiento de datos que pueda producirse al navegar o interaccionar por cualquiera de nuestras p\u00e1ginas web o las redes sociales en las que podemos tener presencia (Facebook, Instagram, [\u2026]<\/p>","protected":false},"author":2,"featured_media":0,"parent":0,"menu_order":0,"comment_status":"closed","ping_status":"closed","template":"elementor_header_footer","meta":{"_joinchat":[],"footnotes":""},"class_list":["post-43","page","type-page","status-publish","hentry"],"acf":[],"_links":{"self":[{"href":"https:\/\/vallsmadella.com\/es\/wp-json\/wp\/v2\/pages\/43","targetHints":{"allow":["GET"]}}],"collection":[{"href":"https:\/\/vallsmadella.com\/es\/wp-json\/wp\/v2\/pages"}],"about":[{"href":"https:\/\/vallsmadella.com\/es\/wp-json\/wp\/v2\/types\/page"}],"author":[{"embeddable":true,"href":"https:\/\/vallsmadella.com\/es\/wp-json\/wp\/v2\/users\/2"}],"replies":[{"embeddable":true,"href":"https:\/\/vallsmadella.com\/es\/wp-json\/wp\/v2\/comments?post=43"}],"version-history":[{"count":1,"href":"https:\/\/vallsmadella.com\/es\/wp-json\/wp\/v2\/pages\/43\/revisions"}],"predecessor-version":[{"id":1107,"href":"https:\/\/vallsmadella.com\/es\/wp-json\/wp\/v2\/pages\/43\/revisions\/1107"}],"wp:attachment":[{"href":"https:\/\/vallsmadella.com\/es\/wp-json\/wp\/v2\/media?parent=43"}],"curies":[{"name":"wp","href":"https:\/\/api.w.org\/{rel}","templated":true}]}}