{"id":55,"date":"2022-03-09T13:04:53","date_gmt":"2022-03-09T12:04:53","guid":{"rendered":"http:\/\/vallsmadella.boadella.com\/?page_id=55"},"modified":"2024-05-23T08:43:58","modified_gmt":"2024-05-23T06:43:58","slug":"manitou","status":"publish","type":"page","link":"https:\/\/vallsmadella.com\/es\/vehicles-nous\/manitou\/","title":{"rendered":"Manitou"},"content":{"rendered":"<div data-elementor-type=\"wp-page\" data-elementor-id=\"55\" class=\"elementor elementor-55\" data-elementor-post-type=\"page\">\n\t\t\t\t\t\t<section class=\"elementor-section elementor-top-section elementor-element elementor-element-3bfb910 elementor-section-height-min-height animated-slow elementor-section-boxed elementor-section-height-default elementor-section-items-middle elementor-invisible\" data-id=\"3bfb910\" data-element_type=\"section\" data-settings=\"{&quot;background_background&quot;:&quot;classic&quot;,&quot;animation&quot;:&quot;fadeIn&quot;}\">\n\t\t\t\t\t\t\t<div class=\"elementor-background-overlay\"><\/div>\n\t\t\t\t\t\t\t<div class=\"elementor-container elementor-column-gap-default\">\n\t\t\t\t\t<div class=\"elementor-column elementor-col-100 elementor-top-column elementor-element elementor-element-7419a9e\" data-id=\"7419a9e\" data-element_type=\"column\">\n\t\t\t<div class=\"elementor-widget-wrap elementor-element-populated\">\n\t\t\t\t\t\t<div class=\"elementor-element elementor-element-8263e39 elementor-widget elementor-widget-heading\" data-id=\"8263e39\" data-element_type=\"widget\" data-widget_type=\"heading.default\">\n\t\t\t\t<div class=\"elementor-widget-container\">\n\t\t\t\t\t<h1 class=\"elementor-heading-title elementor-size-default\">Venta de veh\u00edculos <br>nuevos Manitou<\/h1>\t\t\t\t<\/div>\n\t\t\t\t<\/div>\n\t\t\t\t<div class=\"elementor-element elementor-element-3df4099 elementor-widget elementor-widget-text-editor\" data-id=\"3df4099\" data-element_type=\"widget\" data-widget_type=\"text-editor.default\">\n\t\t\t\t<div class=\"elementor-widget-container\">\n\t\t\t\t\t\t\t\t\t<p><span style=\"font-weight: 400;\">Asesoramos a cada cliente individualmente para<br \/>adaptarnos a sus necesidades<\/span><\/p>\t\t\t\t\t\t\t\t<\/div>\n\t\t\t\t<\/div>\n\t\t\t\t\t<\/div>\n\t\t<\/div>\n\t\t\t\t\t<\/div>\n\t\t<\/section>\n\t\t\t\t<section class=\"elementor-section elementor-top-section elementor-element elementor-element-cc95ba2 animated-slow elementor-section-boxed elementor-section-height-default elementor-section-height-default elementor-invisible\" data-id=\"cc95ba2\" data-element_type=\"section\" data-settings=\"{&quot;animation&quot;:&quot;fadeInUp&quot;}\">\n\t\t\t\t\t\t<div class=\"elementor-container elementor-column-gap-default\">\n\t\t\t\t\t<div class=\"elementor-column elementor-col-33 elementor-top-column elementor-element elementor-element-40efe2d animated-slow elementor-hidden-mobile elementor-invisible\" data-id=\"40efe2d\" data-element_type=\"column\" data-settings=\"{&quot;animation&quot;:&quot;fadeIn&quot;}\">\n\t\t\t<div class=\"elementor-widget-wrap elementor-element-populated\">\n\t\t\t\t\t\t<section class=\"elementor-section elementor-inner-section elementor-element elementor-element-d54004b elementor-section-boxed elementor-section-height-default elementor-section-height-default\" data-id=\"d54004b\" data-element_type=\"section\">\n\t\t\t\t\t\t<div class=\"elementor-container elementor-column-gap-default\">\n\t\t\t\t\t<div class=\"elementor-column elementor-col-100 elementor-inner-column elementor-element elementor-element-b698d84\" data-id=\"b698d84\" data-element_type=\"column\">\n\t\t\t<div class=\"elementor-widget-wrap elementor-element-populated\">\n\t\t\t\t\t\t<div class=\"elementor-element elementor-element-94ccd5e elementor-widget elementor-widget-heading\" data-id=\"94ccd5e\" data-element_type=\"widget\" data-widget_type=\"heading.default\">\n\t\t\t\t<div class=\"elementor-widget-container\">\n\t\t\t\t\t<span class=\"elementor-heading-title elementor-size-default\"><a href=\"https:\/\/vallsmadella.com\/es\/vehicles-nous\/develon\/\">Develon<\/a><\/span>\t\t\t\t<\/div>\n\t\t\t\t<\/div>\n\t\t\t\t\t<\/div>\n\t\t<\/div>\n\t\t\t\t\t<\/div>\n\t\t<\/section>\n\t\t\t\t<section class=\"elementor-section elementor-inner-section elementor-element elementor-element-34f993a elementor-section-boxed elementor-section-height-default elementor-section-height-default\" data-id=\"34f993a\" data-element_type=\"section\">\n\t\t\t\t\t\t<div class=\"elementor-container elementor-column-gap-default\">\n\t\t\t\t\t<div class=\"elementor-column elementor-col-100 elementor-inner-column elementor-element elementor-element-46fca11\" data-id=\"46fca11\" data-element_type=\"column\">\n\t\t\t<div class=\"elementor-widget-wrap elementor-element-populated\">\n\t\t\t\t\t\t<div class=\"elementor-element elementor-element-84538fe elementor-widget elementor-widget-heading\" data-id=\"84538fe\" data-element_type=\"widget\" data-widget_type=\"heading.default\">\n\t\t\t\t<div class=\"elementor-widget-container\">\n\t\t\t\t\t<span class=\"elementor-heading-title elementor-size-default\"><a href=\"http:\/\/vallsmadella.com\/es\/vehicles-nous\/isuzu\/\">Isuzu<\/a><\/span>\t\t\t\t<\/div>\n\t\t\t\t<\/div>\n\t\t\t\t\t<\/div>\n\t\t<\/div>\n\t\t\t\t\t<\/div>\n\t\t<\/section>\n\t\t\t\t<section class=\"elementor-section elementor-inner-section elementor-element elementor-element-56bbfb2 elementor-section-boxed elementor-section-height-default elementor-section-height-default\" data-id=\"56bbfb2\" data-element_type=\"section\">\n\t\t\t\t\t\t<div class=\"elementor-container elementor-column-gap-default\">\n\t\t\t\t\t<div class=\"elementor-column elementor-col-100 elementor-inner-column elementor-element elementor-element-6507fb6\" data-id=\"6507fb6\" data-element_type=\"column\">\n\t\t\t<div class=\"elementor-widget-wrap elementor-element-populated\">\n\t\t\t\t\t\t<div class=\"elementor-element elementor-element-62d914a elementor-widget elementor-widget-heading\" data-id=\"62d914a\" data-element_type=\"widget\" data-widget_type=\"heading.default\">\n\t\t\t\t<div class=\"elementor-widget-container\">\n\t\t\t\t\t<span class=\"elementor-heading-title elementor-size-default\"><a href=\"http:\/\/vallsmadella.com\/es\/vehicles-nous\/gehl\/\">Gehl<\/a><\/span>\t\t\t\t<\/div>\n\t\t\t\t<\/div>\n\t\t\t\t\t<\/div>\n\t\t<\/div>\n\t\t\t\t\t<\/div>\n\t\t<\/section>\n\t\t\t\t<section class=\"elementor-section elementor-inner-section elementor-element elementor-element-fe6c6bf elementor-section-boxed elementor-section-height-default elementor-section-height-default\" data-id=\"fe6c6bf\" data-element_type=\"section\">\n\t\t\t\t\t\t<div class=\"elementor-container elementor-column-gap-default\">\n\t\t\t\t\t<div class=\"elementor-column elementor-col-100 elementor-inner-column elementor-element elementor-element-59a73b8\" data-id=\"59a73b8\" data-element_type=\"column\">\n\t\t\t<div class=\"elementor-widget-wrap elementor-element-populated\">\n\t\t\t\t\t\t<div class=\"elementor-element elementor-element-3483cb2 elementor-widget elementor-widget-heading\" data-id=\"3483cb2\" data-element_type=\"widget\" data-widget_type=\"heading.default\">\n\t\t\t\t<div class=\"elementor-widget-container\">\n\t\t\t\t\t<span class=\"elementor-heading-title elementor-size-default\"><a href=\"http:\/\/vallsmadella.com\/es\/vehicles-nous\/ammann\/\">ammann<\/a><\/span>\t\t\t\t<\/div>\n\t\t\t\t<\/div>\n\t\t\t\t\t<\/div>\n\t\t<\/div>\n\t\t\t\t\t<\/div>\n\t\t<\/section>\n\t\t\t\t<section class=\"elementor-section elementor-inner-section elementor-element elementor-element-b12331b elementor-section-boxed elementor-section-height-default elementor-section-height-default\" data-id=\"b12331b\" data-element_type=\"section\">\n\t\t\t\t\t\t<div class=\"elementor-container elementor-column-gap-default\">\n\t\t\t\t\t<div class=\"elementor-column elementor-col-100 elementor-inner-column elementor-element elementor-element-6dd5f9d\" data-id=\"6dd5f9d\" data-element_type=\"column\">\n\t\t\t<div class=\"elementor-widget-wrap elementor-element-populated\">\n\t\t\t\t\t\t<div class=\"elementor-element elementor-element-4137ad3 elementor-widget elementor-widget-heading\" data-id=\"4137ad3\" data-element_type=\"widget\" data-widget_type=\"heading.default\">\n\t\t\t\t<div class=\"elementor-widget-container\">\n\t\t\t\t\t<span class=\"elementor-heading-title elementor-size-default\"><a href=\"http:\/\/vallsmadella.com\/es\/vehicles-nous\/dagartech\/\">dagartech<\/a><\/span>\t\t\t\t<\/div>\n\t\t\t\t<\/div>\n\t\t\t\t\t<\/div>\n\t\t<\/div>\n\t\t\t\t\t<\/div>\n\t\t<\/section>\n\t\t\t\t<section class=\"elementor-section elementor-inner-section elementor-element elementor-element-c0542b0 elementor-section-boxed elementor-section-height-default elementor-section-height-default\" data-id=\"c0542b0\" data-element_type=\"section\">\n\t\t\t\t\t\t<div class=\"elementor-container elementor-column-gap-default\">\n\t\t\t\t\t<div class=\"elementor-column elementor-col-100 elementor-inner-column elementor-element elementor-element-5d3bb30\" data-id=\"5d3bb30\" data-element_type=\"column\">\n\t\t\t<div class=\"elementor-widget-wrap elementor-element-populated\">\n\t\t\t\t\t\t<div class=\"elementor-element elementor-element-e59638f elementor-widget elementor-widget-heading\" data-id=\"e59638f\" data-element_type=\"widget\" data-widget_type=\"heading.default\">\n\t\t\t\t<div class=\"elementor-widget-container\">\n\t\t\t\t\t<span class=\"elementor-heading-title elementor-size-default\"><a href=\"http:\/\/vallsmadella.com\/es\/vehicles-nous\/hammer\/\">Hammer<\/a><\/span>\t\t\t\t<\/div>\n\t\t\t\t<\/div>\n\t\t\t\t\t<\/div>\n\t\t<\/div>\n\t\t\t\t\t<\/div>\n\t\t<\/section>\n\t\t\t\t<section class=\"elementor-section elementor-inner-section elementor-element elementor-element-dddb02a elementor-section-boxed elementor-section-height-default elementor-section-height-default\" data-id=\"dddb02a\" data-element_type=\"section\">\n\t\t\t\t\t\t<div class=\"elementor-container elementor-column-gap-default\">\n\t\t\t\t\t<div class=\"elementor-column elementor-col-100 elementor-inner-column elementor-element elementor-element-6637a1c\" data-id=\"6637a1c\" data-element_type=\"column\">\n\t\t\t<div class=\"elementor-widget-wrap elementor-element-populated\">\n\t\t\t\t\t\t<div class=\"elementor-element elementor-element-abd9162 elementor-widget elementor-widget-heading\" data-id=\"abd9162\" data-element_type=\"widget\" data-widget_type=\"heading.default\">\n\t\t\t\t<div class=\"elementor-widget-container\">\n\t\t\t\t\t<span class=\"elementor-heading-title elementor-size-default\"><a href=\"https:\/\/vallsmadella.com\/es\/vehicles-nous\/noblelift\/\">Noblelift<\/a><\/span>\t\t\t\t<\/div>\n\t\t\t\t<\/div>\n\t\t\t\t\t<\/div>\n\t\t<\/div>\n\t\t\t\t\t<\/div>\n\t\t<\/section>\n\t\t\t\t<section class=\"elementor-section elementor-inner-section elementor-element elementor-element-0184081 elementor-section-boxed elementor-section-height-default elementor-section-height-default\" data-id=\"0184081\" data-element_type=\"section\">\n\t\t\t\t\t\t<div class=\"elementor-container elementor-column-gap-default\">\n\t\t\t\t\t<div class=\"elementor-column elementor-col-100 elementor-inner-column elementor-element elementor-element-05d3658\" data-id=\"05d3658\" data-element_type=\"column\">\n\t\t\t<div class=\"elementor-widget-wrap elementor-element-populated\">\n\t\t\t\t\t\t<div class=\"elementor-element elementor-element-e18cb5c elementor-widget elementor-widget-image\" data-id=\"e18cb5c\" data-element_type=\"widget\" data-widget_type=\"image.default\">\n\t\t\t\t<div class=\"elementor-widget-container\">\n\t\t\t\t\t\t\t\t\t\t\t\t\t\t\t<img decoding=\"async\" width=\"253\" height=\"106\" src=\"https:\/\/vallsmadella.com\/wp-content\/uploads\/2022\/03\/cta-marques-contacte.jpg\" class=\"attachment-large size-large wp-image-188\" alt=\"\" \/>\t\t\t\t\t\t\t\t\t\t\t\t\t\t\t<\/div>\n\t\t\t\t<\/div>\n\t\t\t\t<div class=\"elementor-element elementor-element-abb69c9 elementor-widget elementor-widget-text-editor\" data-id=\"abb69c9\" data-element_type=\"widget\" data-widget_type=\"text-editor.default\">\n\t\t\t\t<div class=\"elementor-widget-container\">\n\t\t\t\t\t\t\t\t\t<p>\u00bfNecesitas asesoramiento?<br \/>Contacta con nosotros<\/p>\t\t\t\t\t\t\t\t<\/div>\n\t\t\t\t<\/div>\n\t\t\t\t<div class=\"elementor-element elementor-element-9c03a3a elementor-align-center elementor-widget elementor-widget-button\" data-id=\"9c03a3a\" data-element_type=\"widget\" data-widget_type=\"button.default\">\n\t\t\t\t<div class=\"elementor-widget-container\">\n\t\t\t\t\t\t\t\t\t<div class=\"elementor-button-wrapper\">\n\t\t\t\t\t<a class=\"elementor-button elementor-button-link elementor-size-xs elementor-animation-bob\" href=\"http:\/\/vallsmadella.com\/es\/contacte\/\">\n\t\t\t\t\t\t<span class=\"elementor-button-content-wrapper\">\n\t\t\t\t\t\t<span class=\"elementor-button-icon\">\n\t\t\t\t<svg xmlns=\"http:\/\/www.w3.org\/2000\/svg\" width=\"12.813\" height=\"9.165\" viewbox=\"0 0 12.813 9.165\"><g id=\"Icon_feather-arrow-right\" data-name=\"Icon feather-arrow-right\" transform=\"translate(0.5 0.707)\"><path id=\"Trazado_26\" data-name=\"Trazado 26\" d=\"M7.5,18H19.313\" transform=\"translate(-7.5 -14.125)\" fill=\"none\" stroke=\"#e1251b\" stroke-linecap=\"round\" stroke-linejoin=\"round\" stroke-width=\"1\"><\/path><path id=\"Trazado_27\" data-name=\"Trazado 27\" d=\"M18,7.5l3.875,3.875L18,15.25\" transform=\"translate(-10.062 -7.5)\" fill=\"none\" stroke=\"#e1251b\" stroke-linecap=\"round\" stroke-linejoin=\"round\" stroke-width=\"1\"><\/path><\/g><\/svg>\t\t\t<\/span>\n\t\t\t\t\t\t\t\t\t<span class=\"elementor-button-text\">contacto<\/span>\n\t\t\t\t\t<\/span>\n\t\t\t\t\t<\/a>\n\t\t\t\t<\/div>\n\t\t\t\t\t\t\t\t<\/div>\n\t\t\t\t<\/div>\n\t\t\t\t\t<\/div>\n\t\t<\/div>\n\t\t\t\t\t<\/div>\n\t\t<\/section>\n\t\t\t\t\t<\/div>\n\t\t<\/div>\n\t\t\t\t<div class=\"elementor-column elementor-col-33 elementor-top-column elementor-element elementor-element-2f28723\" data-id=\"2f28723\" data-element_type=\"column\">\n\t\t\t<div class=\"elementor-widget-wrap elementor-element-populated\">\n\t\t\t\t\t\t<div class=\"elementor-element elementor-element-611c3fa animated-slow elementor-invisible elementor-widget elementor-widget-text-editor\" data-id=\"611c3fa\" data-element_type=\"widget\" data-settings=\"{&quot;_animation&quot;:&quot;fadeIn&quot;}\" data-widget_type=\"text-editor.default\">\n\t\t\t\t<div class=\"elementor-widget-container\">\n\t\t\t\t\t\t\t\t\t<p><span style=\"font-weight: 400;\">Boadella Vallsmadella es el distribuidor oficial de las gamas de producto Manitou en las comarcas gerundenses, y dispone de una gran variedad de veh\u00edculos de la marca pensados para diversos sectores: agricultura, medio ambiente, industria y construcci\u00f3n. En esta \u00e1rea, el asesoramiento individualizado es clave para satisfacer las necesidades de cada cliente.<\/span><\/p>\t\t\t\t\t\t\t\t<\/div>\n\t\t\t\t<\/div>\n\t\t\t\t<div class=\"elementor-element elementor-element-b70169f elementor-widget elementor-widget-image\" data-id=\"b70169f\" data-element_type=\"widget\" data-widget_type=\"image.default\">\n\t\t\t\t<div class=\"elementor-widget-container\">\n\t\t\t\t\t\t\t\t\t\t\t\t\t\t\t<img fetchpriority=\"high\" decoding=\"async\" width=\"545\" height=\"367\" src=\"https:\/\/vallsmadella.com\/wp-content\/uploads\/2022\/03\/manitou-img-01.jpg\" class=\"attachment-large size-large wp-image-222\" alt=\"\" srcset=\"https:\/\/vallsmadella.com\/wp-content\/uploads\/2022\/03\/manitou-img-01.jpg 545w, https:\/\/vallsmadella.com\/wp-content\/uploads\/2022\/03\/manitou-img-01-300x202.jpg 300w\" sizes=\"(max-width: 545px) 100vw, 545px\" \/>\t\t\t\t\t\t\t\t\t\t\t\t\t\t\t<\/div>\n\t\t\t\t<\/div>\n\t\t\t\t<div class=\"elementor-element elementor-element-39d5f9d elementor-align-left animated-slow elementor-hidden-mobile elementor-hidden-tablet elementor-hidden-mobile_extra elementor-invisible elementor-widget elementor-widget-button\" data-id=\"39d5f9d\" data-element_type=\"widget\" data-settings=\"{&quot;_animation&quot;:&quot;fadeIn&quot;}\" data-widget_type=\"button.default\">\n\t\t\t\t<div class=\"elementor-widget-container\">\n\t\t\t\t\t\t\t\t\t<div class=\"elementor-button-wrapper\">\n\t\t\t\t\t<a class=\"elementor-button elementor-button-link elementor-size-sm\" href=\"http:\/\/vallsmadella.com\/es\/postvenda\/\">\n\t\t\t\t\t\t<span class=\"elementor-button-content-wrapper\">\n\t\t\t\t\t\t<span class=\"elementor-button-icon\">\n\t\t\t\t<svg xmlns=\"http:\/\/www.w3.org\/2000\/svg\" width=\"12.813\" height=\"9.165\" viewbox=\"0 0 12.813 9.165\"><g id=\"Icon_feather-arrow-right\" data-name=\"Icon feather-arrow-right\" transform=\"translate(0.5 0.707)\"><path id=\"Trazado_26\" data-name=\"Trazado 26\" d=\"M7.5,18H19.313\" transform=\"translate(-7.5 -14.125)\" fill=\"none\" stroke=\"#e1251b\" stroke-linecap=\"round\" stroke-linejoin=\"round\" stroke-width=\"1\"><\/path><path id=\"Trazado_27\" data-name=\"Trazado 27\" d=\"M18,7.5l3.875,3.875L18,15.25\" transform=\"translate(-10.062 -7.5)\" fill=\"none\" stroke=\"#e1251b\" stroke-linecap=\"round\" stroke-linejoin=\"round\" stroke-width=\"1\"><\/path><\/g><\/svg>\t\t\t<\/span>\n\t\t\t\t\t\t\t\t\t<span class=\"elementor-button-text\"><h2>Descubre nuestro servicio postventa<\/h2><\/span>\n\t\t\t\t\t<\/span>\n\t\t\t\t\t<\/a>\n\t\t\t\t<\/div>\n\t\t\t\t\t\t\t\t<\/div>\n\t\t\t\t<\/div>\n\t\t\t\t\t<\/div>\n\t\t<\/div>\n\t\t\t\t<div class=\"elementor-column elementor-col-33 elementor-top-column elementor-element elementor-element-6cb63dc\" data-id=\"6cb63dc\" data-element_type=\"column\">\n\t\t\t<div class=\"elementor-widget-wrap elementor-element-populated\">\n\t\t\t\t\t\t<div class=\"elementor-element elementor-element-f3cceb4 elementor-widget elementor-widget-image\" data-id=\"f3cceb4\" data-element_type=\"widget\" data-widget_type=\"image.default\">\n\t\t\t\t<div class=\"elementor-widget-container\">\n\t\t\t\t\t\t\t\t\t\t\t\t\t\t\t<img decoding=\"async\" width=\"545\" height=\"367\" src=\"https:\/\/vallsmadella.com\/wp-content\/uploads\/2022\/03\/manitou-img-02-ok.jpg\" class=\"attachment-large size-large wp-image-394\" alt=\"\" srcset=\"https:\/\/vallsmadella.com\/wp-content\/uploads\/2022\/03\/manitou-img-02-ok.jpg 545w, https:\/\/vallsmadella.com\/wp-content\/uploads\/2022\/03\/manitou-img-02-ok-300x202.jpg 300w\" sizes=\"(max-width: 545px) 100vw, 545px\" \/>\t\t\t\t\t\t\t\t\t\t\t\t\t\t\t<\/div>\n\t\t\t\t<\/div>\n\t\t\t\t<div class=\"elementor-element elementor-element-13c9691 animated-slow elementor-invisible elementor-widget elementor-widget-text-editor\" data-id=\"13c9691\" data-element_type=\"widget\" data-settings=\"{&quot;_animation&quot;:&quot;fadeIn&quot;}\" data-widget_type=\"text-editor.default\">\n\t\t\t\t<div class=\"elementor-widget-container\">\n\t\t\t\t\t\t\t\t\t<h2><span style=\"text-decoration: underline;\"><b><span style=\"font-weight: 400;\">Disponemos de las siguientes l\u00edneas de producto Manitou:<\/span><\/b><\/span><\/h2>\n<br><h3><b>Manilec:<\/b><\/h3><span style=\"font-weight: 400;\"> maquinaria de almacenamiento, ideal para industrias distribuidoras, de log\u00edstica e industriales manufactureras.<\/span>\n<br><br><h3><b>Manitransito:<\/b><\/h3>\ncarretillas embarcables para llevar siempre encima. Permiten un servicio de manutenci\u00f3n a los transportistas para sus descargas.\n\n<br><br><h3><b>Manitou:<\/b><\/h3><span style=\"font-weight: 400;\"> carretillas para todo tipo de manutenci\u00f3n: 4\u00d74 o di\u00e9sel, entre otras.<\/span>\n\n<br><br><h3><b>Maniaccess:<\/b><\/h3><span style=\"font-weight: 400;\"> plataformas de elevaci\u00f3n para buena seguridad. Disponibilidad de plataformas articuladas, de tijeras, verticales o telesc\u00f3picas.<\/span>\n\n<br><br><h3><b>Manisc\u00f3pico:<\/b><\/h3><span style=\"font-weight: 400;\"> para la manutenci\u00f3n repetida e intensiva. Se trata de la gama m\u00e1s amplia de carretillas industriales de manutenci\u00f3n con brazo telesc\u00f3pico, el producto estrella de la marca. <\/span>\t\t\t\t\t\t\t\t<\/div>\n\t\t\t\t<\/div>\n\t\t\t\t<div class=\"elementor-element elementor-element-e8107e1 elementor-align-left animated-slow elementor-hidden-desktop elementor-hidden-widescreen elementor-hidden-laptop elementor-hidden-tablet_extra elementor-invisible elementor-widget elementor-widget-button\" data-id=\"e8107e1\" data-element_type=\"widget\" data-settings=\"{&quot;_animation&quot;:&quot;fadeIn&quot;}\" data-widget_type=\"button.default\">\n\t\t\t\t<div class=\"elementor-widget-container\">\n\t\t\t\t\t\t\t\t\t<div class=\"elementor-button-wrapper\">\n\t\t\t\t\t<a class=\"elementor-button elementor-button-link elementor-size-sm\" href=\"http:\/\/vallsmadella.com\/es\/postvenda\/\">\n\t\t\t\t\t\t<span class=\"elementor-button-content-wrapper\">\n\t\t\t\t\t\t<span class=\"elementor-button-icon\">\n\t\t\t\t<svg xmlns=\"http:\/\/www.w3.org\/2000\/svg\" width=\"12.813\" height=\"9.165\" viewbox=\"0 0 12.813 9.165\"><g id=\"Icon_feather-arrow-right\" data-name=\"Icon feather-arrow-right\" transform=\"translate(0.5 0.707)\"><path id=\"Trazado_26\" data-name=\"Trazado 26\" d=\"M7.5,18H19.313\" transform=\"translate(-7.5 -14.125)\" fill=\"none\" stroke=\"#e1251b\" stroke-linecap=\"round\" stroke-linejoin=\"round\" stroke-width=\"1\"><\/path><path id=\"Trazado_27\" data-name=\"Trazado 27\" d=\"M18,7.5l3.875,3.875L18,15.25\" transform=\"translate(-10.062 -7.5)\" fill=\"none\" stroke=\"#e1251b\" stroke-linecap=\"round\" stroke-linejoin=\"round\" stroke-width=\"1\"><\/path><\/g><\/svg>\t\t\t<\/span>\n\t\t\t\t\t\t\t\t\t<span class=\"elementor-button-text\"><h2>Descubre nuestro servicio postventa<\/h2><\/span>\n\t\t\t\t\t<\/span>\n\t\t\t\t\t<\/a>\n\t\t\t\t<\/div>\n\t\t\t\t\t\t\t\t<\/div>\n\t\t\t\t<\/div>\n\t\t\t\t\t<\/div>\n\t\t<\/div>\n\t\t\t\t\t<\/div>\n\t\t<\/section>\n\t\t\t\t<\/div>","protected":false},"excerpt":{"rendered":"<p>Venta de veh\u00edculos nuevos Manitou Asesoramos a cada cliente individualmente para adaptarnos a sus necesidades Develon Isuzu Gehl ammann dagartech Hammer Noblelift \u00bfNecesitas asesoramiento?Contacta con nosotros contacto Boadella Vallsmadella es el distribuidor oficial de las gamas de producto Manitou en las comarcas gerundenses y dispone de una gran variedad de veh\u00edculos de la marca pensados para [\u2026]<\/p>","protected":false},"author":2,"featured_media":0,"parent":26,"menu_order":0,"comment_status":"closed","ping_status":"closed","template":"elementor_header_footer","meta":{"_joinchat":[],"footnotes":""},"class_list":["post-55","page","type-page","status-publish","hentry"],"acf":[],"_links":{"self":[{"href":"https:\/\/vallsmadella.com\/es\/wp-json\/wp\/v2\/pages\/55","targetHints":{"allow":["GET"]}}],"collection":[{"href":"https:\/\/vallsmadella.com\/es\/wp-json\/wp\/v2\/pages"}],"about":[{"href":"https:\/\/vallsmadella.com\/es\/wp-json\/wp\/v2\/types\/page"}],"author":[{"embeddable":true,"href":"https:\/\/vallsmadella.com\/es\/wp-json\/wp\/v2\/users\/2"}],"replies":[{"embeddable":true,"href":"https:\/\/vallsmadella.com\/es\/wp-json\/wp\/v2\/comments?post=55"}],"version-history":[{"count":50,"href":"https:\/\/vallsmadella.com\/es\/wp-json\/wp\/v2\/pages\/55\/revisions"}],"predecessor-version":[{"id":1881,"href":"https:\/\/vallsmadella.com\/es\/wp-json\/wp\/v2\/pages\/55\/revisions\/1881"}],"up":[{"embeddable":true,"href":"https:\/\/vallsmadella.com\/es\/wp-json\/wp\/v2\/pages\/26"}],"wp:attachment":[{"href":"https:\/\/vallsmadella.com\/es\/wp-json\/wp\/v2\/media?parent=55"}],"curies":[{"name":"wp","href":"https:\/\/api.w.org\/{rel}","templated":true}]}}